{"id":1856,"date":"2026-02-25T11:19:25","date_gmt":"2026-02-25T10:19:25","guid":{"rendered":"https:\/\/druk-ker.hu\/?page_id=1856"},"modified":"2026-04-28T14:43:46","modified_gmt":"2026-04-28T12:43:46","slug":"iso-tanusitvanyok","status":"publish","type":"page","link":"https:\/\/druk-ker.hu\/en\/iso-tanusitvanyok\/","title":{"rendered":"ISO tan\u00fas\u00edtv\u00e1nyok"},"content":{"rendered":"<div class=\"wpb-content-wrapper\"><p>[vc_row][vc_column][vc_column_text css=&#8221;&#8221;]<\/p>\n<p style=\"text-align: center;\"><strong>ISO certificates <\/strong><\/p>\n<p>[\/vc_column_text][vc_empty_space][\/vc_column][\/vc_row][vc_row][vc_column width=&#8221;1\/12&#8243;][\/vc_column][vc_column width=&#8221;10\/12&#8243;][vc_column_text]<\/p>\n<ul>\n<li><a href=\"https:\/\/druk-ker.hu\/wp-content\/uploads\/2026\/02\/FSC_License_Certificate_2030.pdf\">FSC License Certificate 2030<\/a><\/li>\n<li><a href=\"https:\/\/druk-ker.hu\/wp-content\/uploads\/2026\/02\/ISO_22000-ENG-C620103-4-20240828.pdf\">ISO-22000-ENG-C620103-4-20240828<\/a><\/li>\n<li><a href=\"https:\/\/druk-ker.hu\/wp-content\/uploads\/2026\/02\/ISO-9001-215743-2017-AQ-BUD-RvA-2-hu-HU-20230313-20230323110358.pdf\">ISO-9001-215743-2017-AQ-BUD-RvA-2-hu-HU-20230313-20230323110358<\/a><\/li>\n<li><a href=\"https:\/\/druk-ker.hu\/wp-content\/uploads\/2026\/02\/MK_1_Elelmiszer-biztonsagi_es_minosegpolitika_k2_v1.pdf\">MK 1 \u00c9lelmiszer-biztons\u00e1gi \u00e9s min\u0151s\u00e9gpolitika k2 v1<\/a><\/li>\n<\/ul>\n<p>[\/vc_column_text][\/vc_column][vc_column width=&#8221;1\/12&#8243;][\/vc_column][\/vc_row]<\/p>\n<\/div>","protected":false},"excerpt":{"rendered":"<p>[vc_row][vc_column][vc_column_text css=&#8221;&#8221;] ISO certificates [\/vc_column_text][vc_empty_space][\/vc_column][\/vc_row][vc_row][vc_column width=&#8221;1\/12&#8243;][\/vc_column][vc_column width=&#8221;10\/12&#8243;][vc_column_text] FSC License Certificate 2030 ISO-22000-ENG-C620103-4-20240828 ISO-9001-215743-2017-AQ-BUD-RvA-2-hu-HU-20230313-20230323110358 MK 1 \u00c9lelmiszer-biztons\u00e1gi \u00e9s min\u0151s\u00e9gpolitika k2 v1 [\/vc_column_text][\/vc_column][vc_column width=&#8221;1\/12&#8243;][\/vc_column][\/vc_row]<\/p>\n","protected":false},"author":3,"featured_media":0,"parent":0,"menu_order":0,"comment_status":"closed","ping_status":"closed","template":"","meta":{"footnotes":""},"class_list":["post-1856","page","type-page","status-publish","hentry"],"_links":{"self":[{"href":"https:\/\/druk-ker.hu\/en\/wp-json\/wp\/v2\/pages\/1856","targetHints":{"allow":["GET"]}}],"collection":[{"href":"https:\/\/druk-ker.hu\/en\/wp-json\/wp\/v2\/pages"}],"about":[{"href":"https:\/\/druk-ker.hu\/en\/wp-json\/wp\/v2\/types\/page"}],"author":[{"embeddable":true,"href":"https:\/\/druk-ker.hu\/en\/wp-json\/wp\/v2\/users\/3"}],"replies":[{"embeddable":true,"href":"https:\/\/druk-ker.hu\/en\/wp-json\/wp\/v2\/comments?post=1856"}],"version-history":[{"count":2,"href":"https:\/\/druk-ker.hu\/en\/wp-json\/wp\/v2\/pages\/1856\/revisions"}],"predecessor-version":[{"id":1858,"href":"https:\/\/druk-ker.hu\/en\/wp-json\/wp\/v2\/pages\/1856\/revisions\/1858"}],"wp:attachment":[{"href":"https:\/\/druk-ker.hu\/en\/wp-json\/wp\/v2\/media?parent=1856"}],"curies":[{"name":"wp","href":"https:\/\/api.w.org\/{rel}","templated":true}]}}