{"id":1827,"date":"2024-09-10T18:40:26","date_gmt":"2024-09-10T16:40:26","guid":{"rendered":"https:\/\/druk-ker.hu\/?page_id=1827"},"modified":"2026-04-28T01:24:45","modified_gmt":"2026-04-27T23:24:45","slug":"blog","status":"publish","type":"page","link":"https:\/\/druk-ker.hu\/en\/blog\/","title":{"rendered":"Blog"},"content":{"rendered":"<div class=\"wpb-content-wrapper\"><p>[vc_row][vc_column][vc_column_text el_class=&#8221;title-green&#8221;]<\/p>\n<h2 style=\"text-align: center;\">Blog<\/h2>\n<p>[\/vc_column_text][vc_empty_space]<div class='vc_patu_container vc_patu_post_container blog-page-container'><a href='https:\/\/druk-ker.hu\/miert-fontos-hogy-a-grafikus-mar-az-elso-lepeseknel-egyeztessen-a-nyomdaval\/'><div class=\"patu_grid_3 vc_patu_item vc_patu_item_3 vc_patu_post_item blog-page-item\"><div class=\"vc_patu_img vc_patu_post_img vc_patu_img_as_bg\" style=\"width: 326px;height: 226px;background-image: url('https:\/\/druk-ker.hu\/wp-content\/uploads\/2025\/06\/White-Navy-Orange-Modern-Graphic-Design-Facebook-Post-1.png')\"><\/div><div class=\"vc_patu_title vc_patu_post_title\">Mi\u00e9rt fontos, hogy a grafikus m\u00e1r az els\u0151 l\u00e9p\u00e9sekn\u00e9l egyeztessen a nyomd\u00e1val?<\/div><\/div><\/a><a href='https:\/\/druk-ker.hu\/en\/miert-fontos-hogy-a-grafikus-mar-az-elso-lepeseknel-egyeztessen-a-nyomdaval\/'><div class=\"patu_grid_3 vc_patu_item vc_patu_item_3 vc_patu_post_item blog-page-item\"><div class=\"vc_patu_img vc_patu_post_img vc_patu_img_as_bg\" style=\"width: 326px;height: 226px;background-image: url('https:\/\/druk-ker.hu\/wp-content\/uploads\/2025\/06\/White-Navy-Orange-Modern-Graphic-Design-Facebook-Post-1.png')\"><\/div><div class=\"vc_patu_title vc_patu_post_title\">Why is it important for the graphic designer to consult the printing company from the first steps?<\/div><\/div><\/a><a href='https:\/\/druk-ker.hu\/hogyan-valasszak-cimket-az-uj-termekemre\/'><div class=\"patu_grid_3 vc_patu_item vc_patu_item_3 vc_patu_post_item blog-page-item\"><div class=\"vc_patu_img vc_patu_post_img vc_patu_img_as_bg\" style=\"width: 326px;height: 226px;background-image: url('https:\/\/druk-ker.hu\/wp-content\/uploads\/2024\/09\/3446894-e1741858072304.jpg')\"><\/div><div class=\"vc_patu_title vc_patu_post_title\">Hogyan v\u00e1lasszak cimk\u00e9t az \u00faj term\u00e9kemre?<\/div><\/div><\/a><a href='https:\/\/druk-ker.hu\/en\/how-should-i-choose-a-label-for-my-new-product\/'><div class=\"patu_grid_3 vc_patu_item vc_patu_item_3 vc_patu_post_item blog-page-item\"><div class=\"vc_patu_img vc_patu_post_img vc_patu_img_as_bg\" style=\"width: 326px;height: 226px;background-image: url('https:\/\/druk-ker.hu\/wp-content\/uploads\/2024\/09\/3446894-e1741858072304.jpg')\"><\/div><div class=\"vc_patu_title vc_patu_post_title\">How should I choose a label for my new product?<\/div><\/div><\/a><a href='https:\/\/druk-ker.hu\/plakat-ami-tapad-sztatikus-folia\/'><div class=\"patu_grid_3 vc_patu_item vc_patu_item_3 vc_patu_post_item blog-page-item\"><div class=\"vc_patu_img vc_patu_post_img vc_patu_img_as_bg\" style=\"width: 326px;height: 226px;background-image: url('https:\/\/druk-ker.hu\/wp-content\/uploads\/2025\/02\/Poszter-e1741858176545.jpg')\"><\/div><div class=\"vc_patu_title vc_patu_post_title\">Plak\u00e1t ami tapad? Bemutatkozik a sztatikus f\u00f3lia.<\/div><\/div><\/a><a href='https:\/\/druk-ker.hu\/en\/a-poster-that-clings-introducing-static-cling-film\/'><div class=\"patu_grid_3 vc_patu_item vc_patu_item_3 vc_patu_post_item blog-page-item\"><div class=\"vc_patu_img vc_patu_post_img vc_patu_img_as_bg\" style=\"width: 326px;height: 226px;background-image: url('https:\/\/druk-ker.hu\/wp-content\/uploads\/2025\/02\/Poszter-e1741858176545.jpg')\"><\/div><div class=\"vc_patu_title vc_patu_post_title\">A poster that clings? Introducing static cling film.<\/div><\/div><\/a><a href='https:\/\/druk-ker.hu\/sleeve-csomagolas-digitalisan-gyartva\/'><div class=\"patu_grid_3 vc_patu_item vc_patu_item_3 vc_patu_post_item blog-page-item\"><div class=\"vc_patu_img vc_patu_post_img vc_patu_img_as_bg\" style=\"width: 326px;height: 226px;background-image: url('https:\/\/druk-ker.hu\/wp-content\/uploads\/2025\/03\/330ml_doboz.jpg')\"><\/div><div class=\"vc_patu_title vc_patu_post_title\">Sleeve csomagol\u00e1s digit\u00e1lisan gy\u00e1rtva<\/div><\/div><\/a><a href='https:\/\/druk-ker.hu\/en\/shrink-sleeve-packaging-produced-digitally\/'><div class=\"patu_grid_3 vc_patu_item vc_patu_item_3 vc_patu_post_item blog-page-item\"><div class=\"vc_patu_img vc_patu_post_img vc_patu_img_as_bg\" style=\"width: 326px;height: 226px;background-image: url('https:\/\/druk-ker.hu\/wp-content\/uploads\/2025\/03\/330ml_doboz.jpg')\"><\/div><div class=\"vc_patu_title vc_patu_post_title\">Shrink Sleeve Packaging Produced Digitally<\/div><\/div><\/a><\/div>[\/vc_column][\/vc_row]<\/p>\n<\/div>","protected":false},"excerpt":{"rendered":"<p>[vc_row][vc_column][vc_column_text el_class=&#8221;title-green&#8221;] Blog [\/vc_column_text][vc_empty_space][\/vc_column][\/vc_row]<\/p>\n","protected":false},"author":3,"featured_media":0,"parent":0,"menu_order":0,"comment_status":"closed","ping_status":"closed","template":"","meta":{"footnotes":""},"class_list":["post-1827","page","type-page","status-publish","hentry"],"_links":{"self":[{"href":"https:\/\/druk-ker.hu\/en\/wp-json\/wp\/v2\/pages\/1827","targetHints":{"allow":["GET"]}}],"collection":[{"href":"https:\/\/druk-ker.hu\/en\/wp-json\/wp\/v2\/pages"}],"about":[{"href":"https:\/\/druk-ker.hu\/en\/wp-json\/wp\/v2\/types\/page"}],"author":[{"embeddable":true,"href":"https:\/\/druk-ker.hu\/en\/wp-json\/wp\/v2\/users\/3"}],"replies":[{"embeddable":true,"href":"https:\/\/druk-ker.hu\/en\/wp-json\/wp\/v2\/comments?post=1827"}],"version-history":[{"count":1,"href":"https:\/\/druk-ker.hu\/en\/wp-json\/wp\/v2\/pages\/1827\/revisions"}],"predecessor-version":[{"id":1828,"href":"https:\/\/druk-ker.hu\/en\/wp-json\/wp\/v2\/pages\/1827\/revisions\/1828"}],"wp:attachment":[{"href":"https:\/\/druk-ker.hu\/en\/wp-json\/wp\/v2\/media?parent=1827"}],"curies":[{"name":"wp","href":"https:\/\/api.w.org\/{rel}","templated":true}]}}