{"id":1813,"date":"2025-02-04T19:31:33","date_gmt":"2025-02-04T18:31:33","guid":{"rendered":"https:\/\/druk-ker.hu\/?page_id=1813"},"modified":"2026-04-27T16:26:36","modified_gmt":"2026-04-27T14:26:36","slug":"onatiro-tombok","status":"publish","type":"page","link":"https:\/\/druk-ker.hu\/en\/onatiro-tombok\/","title":{"rendered":"\u00d6n\u00e1t\u00edr\u00f3 t\u00f6mb\u00f6k"},"content":{"rendered":"<div class=\"wpb-content-wrapper\"><p>[vc_row][vc_column][vc_empty_space][vc_column_text css=&#8221;&#8221;]<strong>NCR Pads <\/strong>[\/vc_column_text][vc_empty_space height=&#8221;40px&#8221;][vc_column_text css=&#8221;&#8221;]Custom NCR pads are generally produced in 2 \u00d7 25 or 3 \u00d7 25 sheet versions, with a cover. The NCR sheets may be in different colours or printed in four colours. The sheets are numbered in all cases.[\/vc_column_text][vc_empty_space height=&#8221;40px&#8221;]<div class='drukker-button-container drukker-button-container-drukker-blue'><a href='\/ajanlatkeres'><div class='drukker-button drukker-button-drukker-blue drukker-button-js-'>Request a Quote<\/div><\/a><\/div>[vc_empty_space][\/vc_column][\/vc_row][vc_row][vc_column]<div id=\"ult-carousel-166545331169f255461f6c2\" class=\"ult-carousel-wrapper  outside-navigation termek-galeria-carousel ult_horizontal\" data-gutter=\"15\" data-rtl=\"false\" ><div class=\"ult-carousel-95030757869f255461f667 \" >[vc_single_image image=&#8221;1243&#8243; img_size=&#8221;full&#8221; alignment=&#8221;center&#8221; el_class=&#8221;home-kiemelt-termekeink-kep&#8221;][vc_single_image image=&#8221;1211&#8243; img_size=&#8221;full&#8221; alignment=&#8221;center&#8221; el_class=&#8221;home-kiemelt-termekeink-kep&#8221;]<\/div><\/div>\t\t\t<script type=\"text\/javascript\">\r\n\t\t\t\tjQuery(document).ready(function ($) {\r\n\t\t\t\t\tif( typeof jQuery('.ult-carousel-95030757869f255461f667').slick == \"function\"){\r\n\t\t\t\t\t\t$('.ult-carousel-95030757869f255461f667').slick({dots: true,autoplaySpeed: 5000,speed: 300,infinite: true,arrows: true,nextArrow: '<button type=\"button\" role=\"button\" aria-label=\"Next\" style=\"color:#ffffff; font-size:32px;\" class=\"slick-next default\"><i class=\"ultsl-arrow-right4\"><\/i><\/button>',prevArrow: '<button type=\"button\" role=\"button\" aria-label=\"Previous\" style=\"color:#ffffff; font-size:32px;\" class=\"slick-prev default\"><i class=\"ultsl-arrow-left4\"><\/i><\/button>',slidesToScroll:1,slidesToShow:1,swipe: true,draggable: true,touchMove: true,pauseOnHover: true,responsive: [\r\n\t\t\t\t\t\t\t{\r\n\t\t\t\t\t\t\t  breakpoint: 1025,\r\n\t\t\t\t\t\t\t  settings: {\r\n\t\t\t\t\t\t\t\tslidesToShow: 1,\r\n\t\t\t\t\t\t\t\tslidesToScroll: 1,  \r\n\t\t\t\t\t\t\t  }\r\n\t\t\t\t\t\t\t},\r\n\t\t\t\t\t\t\t{\r\n\t\t\t\t\t\t\t  breakpoint: 769,\r\n\t\t\t\t\t\t\t  settings: {\r\n\t\t\t\t\t\t\t\tslidesToShow: 1,\r\n\t\t\t\t\t\t\t\tslidesToScroll: 1\r\n\t\t\t\t\t\t\t  }\r\n\t\t\t\t\t\t\t},\r\n\t\t\t\t\t\t\t{\r\n\t\t\t\t\t\t\t  breakpoint: 481,\r\n\t\t\t\t\t\t\t  settings: {\r\n\t\t\t\t\t\t\t\tslidesToShow: 1,\r\n\t\t\t\t\t\t\t\tslidesToScroll: 1\r\n\t\t\t\t\t\t\t  }\r\n\t\t\t\t\t\t\t}\r\n\t\t\t\t\t\t],pauseOnDotsHover: true,customPaging: function(slider, i) {\r\n                   return '<i type=\"button\" style= \"color:#00abf9;\" class=\"ultsl-record\" data-role=\"none\"><\/i>';\r\n                },});\r\n\t\t\t\t\t}\r\n\t\t\t\t});\r\n\t\t\t<\/script>\r\n\t\t\t[\/vc_column][\/vc_row][vc_row][vc_column][vc_empty_space]<div class=\"ult_exp_section_layer ult-adjust-bottom-margin termek-kerdes-accordion\" >\r\n\t<div id=\"uvc-exp-wrap-8129\"   data-ultimate-target='#uvc-exp-wrap-8129'  data-responsive-json-new='{\"font-size\":\"desktop:20px;\",\"line-height\":\"desktop:20px;\"}'  class=\"ult_exp_section  ult-responsive \" style=\"color:#002863;background-color:#f6f6f6; font-weight:normal;  text-align:left;\" data-textcolor=\"#002863\"data-texthover=\"#002863\"data-icncolor=\"#000000\"data-ihover=\"#000000\"data-height=\"0\"data-cntbg=\"#f6f6f6\"data-cnthvrbg=\"#f6f6f6\"data-headerbg=\"#f6f6f6\"data-headerhover=\"#f6f6f6\"data-title=\"Shape\"data-newtitle=\"Shape\"data-icon=\"none\"data-newicon=\"Defaults-arrow-up\"data-activeicon=\"#000000\"data-effect=\"slideToggle\"data-override=\"0\"data-activetitle=\"#002863\"data-activebg=\"#f6f6f6\"data-img=\"\"data-newimg=\"\"><div  class=\"ult_exp_section-main ult_expright_icon\">\r\n\t\t\t\t\t<div class=\"ult_expheader\" >Shape\r\n\t\t\t\t\t <\/div><\/div>\r\n\t\t\t\t<\/div><div class=\"ult_exp_content \" style=\"background-color:#ffffff;  \"><div class=\"ult_ecpsub_cont\" style=\" \" >[vc_column_text css=&#8221;&#8221;]They are generally in standard A5 or A4 size.[\/vc_column_text]<\/div><\/div>\r\n\r\n\t\t\t<\/div><div class=\"ult_exp_section_layer ult-adjust-bottom-margin termek-kerdes-accordion\" >\r\n\t<div id=\"uvc-exp-wrap-1651\"   data-ultimate-target='#uvc-exp-wrap-1651'  data-responsive-json-new='{\"font-size\":\"desktop:20px;\",\"line-height\":\"desktop:20px;\"}'  class=\"ult_exp_section  ult-responsive \" style=\"color:#002863;background-color:#f6f6f6; font-weight:normal;  text-align:left;\" data-textcolor=\"#002863\"data-texthover=\"#002863\"data-icncolor=\"#000000\"data-ihover=\"#000000\"data-height=\"0\"data-cntbg=\"#f6f6f6\"data-cnthvrbg=\"#f6f6f6\"data-headerbg=\"#f6f6f6\"data-headerhover=\"#f6f6f6\"data-title=\"Substrate\"data-newtitle=\"Substrate\"data-icon=\"none\"data-newicon=\"Defaults-arrow-up\"data-activeicon=\"#000000\"data-effect=\"slideToggle\"data-override=\"0\"data-activetitle=\"#002863\"data-activebg=\"#f6f6f6\"data-img=\"\"data-newimg=\"\"><div  class=\"ult_exp_section-main ult_expright_icon\">\r\n\t\t\t\t\t<div class=\"ult_expheader\" >Substrate\r\n\t\t\t\t\t <\/div><\/div>\r\n\t\t\t\t<\/div><div class=\"ult_exp_content \" style=\"background-color:#ffffff;  \"><div class=\"ult_ecpsub_cont\" style=\" \" >[vc_column_text css=&#8221;&#8221;]The cover of NCR pads is generally made of offset paper (200-250 gsm), while the NCR sheets are around 50-60 gsm.[\/vc_column_text]<\/div><\/div>\r\n\r\n\t\t\t<\/div><div class=\"ult_exp_section_layer ult-adjust-bottom-margin termek-kerdes-accordion\" >\r\n\t<div id=\"uvc-exp-wrap-9270\"   data-ultimate-target='#uvc-exp-wrap-9270'  data-responsive-json-new='{\"font-size\":\"desktop:20px;\",\"line-height\":\"desktop:20px;\"}'  class=\"ult_exp_section  ult-responsive \" style=\"color:#002863;background-color:#f6f6f6; font-weight:normal;  text-align:left;\" data-textcolor=\"#002863\"data-texthover=\"#002863\"data-icncolor=\"#000000\"data-ihover=\"#000000\"data-height=\"0\"data-cntbg=\"#f6f6f6\"data-cnthvrbg=\"#f6f6f6\"data-headerbg=\"#f6f6f6\"data-headerhover=\"#f6f6f6\"data-title=\"Printing and Finishing\"data-newtitle=\"Printing and Finishing\"data-icon=\"none\"data-newicon=\"Defaults-arrow-up\"data-activeicon=\"#000000\"data-effect=\"slideToggle\"data-override=\"0\"data-activetitle=\"#002863\"data-activebg=\"#f6f6f6\"data-img=\"\"data-newimg=\"\"><div  class=\"ult_exp_section-main ult_expright_icon\">\r\n\t\t\t\t\t<div class=\"ult_expheader\" >Printing and Finishing\r\n\t\t\t\t\t <\/div><\/div>\r\n\t\t\t\t<\/div><div class=\"ult_exp_content \" style=\"background-color:#ffffff;  \"><div class=\"ult_ecpsub_cont\" style=\" \" >[vc_column_text css=&#8221;&#8221;]The cover may be printed in one or more colours, while the inside sheets are generally printed in one colour, with varying colours by set sheet.[\/vc_column_text]<\/div><\/div>\r\n\r\n\t\t\t<\/div>[\/vc_column][\/vc_row][vc_row disable_element=&#8221;yes&#8221; el_class=&#8221;termek-oldal-referenciak-container&#8221;][vc_column][vc_empty_space][vc_column_text]<\/p>\n<h2 style=\"text-align: center;\">Referenci\u00e1k<\/h2>\n<p>[\/vc_column_text][vc_empty_space height=&#8221;20px&#8221;]<div class='termekkategoriak-masonry grid'><a href='#' class='grid-item grid-item-1' style='background-image: url(https:\/\/druk-ker.hu\/wp-content\/uploads\/2024\/09\/referencia-preview.png);'><div class='grid-inner'><div class='grid-title'>C\u00edmke<\/div><\/div><\/a><a href='#' class='grid-item grid-item-2' style='background-image: url(https:\/\/druk-ker.hu\/wp-content\/uploads\/2024\/09\/referencia-preview.png);'><div class='grid-inner'><div class='grid-title'>C\u00edmke<\/div><\/div><\/a><a href='#' class='grid-item grid-item-3' style='background-image: url(https:\/\/druk-ker.hu\/wp-content\/uploads\/2024\/09\/referencia-preview.png);'><div class='grid-inner'><div class='grid-title'>C\u00edmke<\/div><\/div><\/a><a href='#' class='grid-item grid-item-4' style='background-image: url(https:\/\/druk-ker.hu\/wp-content\/uploads\/2024\/09\/referencia-preview.png);'><div class='grid-inner'><div class='grid-title'>C\u00edmke<\/div><\/div><\/a><a href='#' class='grid-item grid-item-5' style='background-image: url(https:\/\/druk-ker.hu\/wp-content\/uploads\/2024\/09\/referencia-preview.png);'><div class='grid-inner'><div class='grid-title'>C\u00edmke<\/div><\/div><\/a><a href='#' class='grid-item grid-item-6' style='background-image: url(https:\/\/druk-ker.hu\/wp-content\/uploads\/2024\/09\/referencia-preview.png);'><div class='grid-inner'><div class='grid-title'>C\u00edmke<\/div><\/div><\/a><a href='#' class='grid-item grid-item-7' style='background-image: url(https:\/\/druk-ker.hu\/wp-content\/uploads\/2024\/09\/referencia-preview.png);'><div class='grid-inner'><div class='grid-title'>C\u00edmke<\/div><\/div><\/a><a href='#' class='grid-item grid-item-8' style='background-image: url(https:\/\/druk-ker.hu\/wp-content\/uploads\/2024\/09\/referencia-preview.png);'><div class='grid-inner'><div class='grid-title'>C\u00edmke<\/div><\/div><\/a><\/div>[\/vc_column][\/vc_row][vc_row][vc_column][\/vc_column][\/vc_row]<\/p>\n<\/div>","protected":false},"excerpt":{"rendered":"<p>[vc_row][vc_column][vc_empty_space][vc_column_text css=&#8221;&#8221;]NCR Pads [\/vc_column_text][vc_empty_space height=&#8221;40px&#8221;][vc_column_text css=&#8221;&#8221;]Custom NCR pads are generally produced in 2 \u00d7 25 or 3 \u00d7 25 sheet versions, with a cover. The NCR sheets may be in different colours or printed in four colours. The sheets are numbered in all cases.[\/vc_column_text][vc_empty_space height=&#8221;40px&#8221;][vc_empty_space][\/vc_column][\/vc_row][vc_row][vc_column][\/vc_column][\/vc_row][vc_row][vc_column][vc_empty_space][\/vc_column][\/vc_row][vc_row disable_element=&#8221;yes&#8221; el_class=&#8221;termek-oldal-referenciak-container&#8221;][vc_column][vc_empty_space][vc_column_text] Referenci\u00e1k [\/vc_column_text][vc_empty_space height=&#8221;20px&#8221;][\/vc_column][\/vc_row][vc_row][vc_column][\/vc_column][\/vc_row]<\/p>\n","protected":false},"author":3,"featured_media":0,"parent":0,"menu_order":0,"comment_status":"closed","ping_status":"closed","template":"","meta":{"footnotes":""},"class_list":["post-1813","page","type-page","status-publish","hentry"],"_links":{"self":[{"href":"https:\/\/druk-ker.hu\/en\/wp-json\/wp\/v2\/pages\/1813","targetHints":{"allow":["GET"]}}],"collection":[{"href":"https:\/\/druk-ker.hu\/en\/wp-json\/wp\/v2\/pages"}],"about":[{"href":"https:\/\/druk-ker.hu\/en\/wp-json\/wp\/v2\/types\/page"}],"author":[{"embeddable":true,"href":"https:\/\/druk-ker.hu\/en\/wp-json\/wp\/v2\/users\/3"}],"replies":[{"embeddable":true,"href":"https:\/\/druk-ker.hu\/en\/wp-json\/wp\/v2\/comments?post=1813"}],"version-history":[{"count":3,"href":"https:\/\/druk-ker.hu\/en\/wp-json\/wp\/v2\/pages\/1813\/revisions"}],"predecessor-version":[{"id":1816,"href":"https:\/\/druk-ker.hu\/en\/wp-json\/wp\/v2\/pages\/1813\/revisions\/1816"}],"wp:attachment":[{"href":"https:\/\/druk-ker.hu\/en\/wp-json\/wp\/v2\/media?parent=1813"}],"curies":[{"name":"wp","href":"https:\/\/api.w.org\/{rel}","templated":true}]}}