{"id":1730,"date":"2024-09-10T23:09:57","date_gmt":"2024-09-10T21:09:57","guid":{"rendered":"https:\/\/druk-ker.hu\/?page_id=1730"},"modified":"2026-04-22T12:45:00","modified_gmt":"2026-04-22T10:45:00","slug":"kapcsolat","status":"publish","type":"page","link":"https:\/\/druk-ker.hu\/en\/kapcsolat\/","title":{"rendered":"Kapcsolat"},"content":{"rendered":"<div class=\"wpb-content-wrapper\"><p>[vc_row][vc_column width=&#8221;7\/12&#8243;][vc_gmaps link=&#8221;#E-8_JTNDaWZyYW1lJTIwc3JjJTNEJTIyaHR0cHMlM0ElMkYlMkZ3d3cuZ29vZ2xlLmNvbSUyRm1hcHMlMkZlbWJlZCUzRnBiJTNEJTIxMW0xOCUyMTFtMTIlMjExbTMlMjExZDI3MzkuNzE5ODAxMjkxNTYzNyUyMTJkMTkuMjk0MjE2Mzc3NzI5NDklMjEzZDQ2LjYzMjI5NzQ1NDc0NjQ3JTIxMm0zJTIxMWYwJTIxMmYwJTIxM2YwJTIxM20yJTIxMWkxMDI0JTIxMmk3NjglMjE0ZjEzLjElMjEzbTMlMjExbTIlMjExczB4NDc0M2IzMDA4ZjlkOGEyZCUyNTNBMHhhMjRkZWM0MDJhMGQ3MTBiJTIxMnNEcnVrLWtlciUyNTIwS2Z0LiUyNTIwTnlvbWRhJTI1MjBLaXNrJTI1QzUlMjU5MXIlMjVDMyUyNUI2cyUyMTVlMCUyMTNtMiUyMTFzaHUlMjEyc2h1JTIxNHYxNzQyOTAyNzk5MjQxJTIxNW0yJTIxMXNodSUyMTJzaHUlMjIlMjB3aWR0aCUzRCUyMjYwMCUyMiUyMGhlaWdodCUzRCUyMjQ1MCUyMiUyMHN0eWxlJTNEJTIyYm9yZGVyJTNBMCUzQiUyMiUyMGFsbG93ZnVsbHNjcmVlbiUzRCUyMiUyMiUyMGxvYWRpbmclM0QlMjJsYXp5JTIyJTIwcmVmZXJyZXJwb2xpY3klM0QlMjJuby1yZWZlcnJlci13aGVuLWRvd25ncmFkZSUyMiUzRSUzQyUyRmlmcmFtZSUzRQ==&#8221;][\/vc_column][vc_column width=&#8221;5\/12&#8243;][vc_column_text css=&#8221;&#8221;]<strong>Contact details <\/strong>[\/vc_column_text][vc_empty_space height=&#8221;20px&#8221;][vc_column_text css=&#8221;.vc_custom_1726003225905{background-image: url(http:\/\/druk-ker.hu\/wp-content\/uploads\/2024\/09\/firma.png?id=261) !important;}&#8221; el_class=&#8221;contact-line contact-line-1&#8243;]Druk-ker Kft.[\/vc_column_text][vc_column_text css=&#8221;.vc_custom_1776854643334{background-image: url(http:\/\/druk-ker.hu\/wp-content\/uploads\/2024\/09\/spot.png?id=262) !important;}&#8221; el_class=&#8221;contact-line contact-line-1&#8243;]6200 Kisk\u0151r\u00f6s, Izs\u00e1k \u00fat 10\/b.[\/vc_column_text][vc_column_text css=&#8221;.vc_custom_1726003266103{background-image: url(http:\/\/druk-ker.hu\/wp-content\/uploads\/2024\/09\/mail.png?id=263) !important;}&#8221; el_class=&#8221;contact-line contact-line-1&#8243;]<a href=\"mailto:info@druk-ker.hu\">info@druk-ker.hu<\/a>[\/vc_column_text][vc_column_text css=&#8221;.vc_custom_1726003279184{background-image: url(http:\/\/druk-ker.hu\/wp-content\/uploads\/2024\/09\/phone.png?id=264) !important;}&#8221; el_class=&#8221;contact-line contact-line-1&#8243;]<a href=\"tel:0678312517\">06 78 312 517<\/a>[\/vc_column_text][vc_column_text el_class=&#8221;contact-line contact-line-1&#8243;]<a href=\"tel:0678311423\">06 78 311 423<\/a>[\/vc_column_text][vc_column_text el_class=&#8221;contact-line contact-line-1&#8243;]<a href=\"tel:06306484635\">06 30 648 4635<\/a>[\/vc_column_text][vc_column_text el_class=&#8221;contact-line contact-line-1&#8243;]<a href=\"tel:06306348841\">06 30 634 8841<\/a>[\/vc_column_text][\/vc_column][\/vc_row][vc_row][vc_column][vc_empty_space height=&#8221;60px&#8221;][vc_column_text css=&#8221;&#8221;]<\/p>\n<h3 style=\"text-align: center;\"><strong>Do you have a question? Send us a message!<\/strong><\/h3>\n<p>[\/vc_column_text][vc_empty_space][vc_column_text el_class=&#8221;form-container form-container-kapcsolat&#8221;]\n<div class=\"wpcf7 no-js\" id=\"wpcf7-f267-o1\" lang=\"hu-HU\" dir=\"ltr\" data-wpcf7-id=\"267\">\n<div class=\"screen-reader-response\"><p role=\"status\" aria-live=\"polite\" aria-atomic=\"true\"><\/p> <ul><\/ul><\/div>\n<form action=\"\/en\/wp-json\/wp\/v2\/pages\/1730#wpcf7-f267-o1\" method=\"post\" class=\"wpcf7-form init 9fbcd4562641 cmatic-disconn cmatic-aud-1 cmatic-mapd0-0 cmatic-v097802 cmatic-sent-0 cmatic-total-0\" aria-label=\"Kapcsolatfelv\u00e9teli \u0171rlap\" novalidate=\"novalidate\" data-status=\"init\">\n<fieldset class=\"hidden-fields-container\"><input type=\"hidden\" name=\"_wpcf7\" value=\"267\" \/><input type=\"hidden\" name=\"_wpcf7_version\" value=\"6.1.5\" \/><input type=\"hidden\" name=\"_wpcf7_locale\" value=\"hu_HU\" \/><input type=\"hidden\" name=\"_wpcf7_unit_tag\" value=\"wpcf7-f267-o1\" \/><input type=\"hidden\" name=\"_wpcf7_container_post\" value=\"0\" \/><input type=\"hidden\" name=\"_wpcf7_posted_data_hash\" value=\"\" \/>\n<\/fieldset>\n<div class=\"form-line\">\n\t<p><span class=\"wpcf7-form-control-wrap\" data-name=\"form-nev\"><input size=\"40\" maxlength=\"400\" class=\"wpcf7-form-control wpcf7-text wpcf7-validates-as-required form-nev\" aria-required=\"true\" aria-invalid=\"false\" placeholder=\"Teljes n\u00e9v\" value=\"\" type=\"text\" name=\"form-nev\" \/><\/span><span class=\"wpcf7-form-control-wrap\" data-name=\"form-email\"><input size=\"40\" maxlength=\"400\" class=\"wpcf7-form-control wpcf7-email wpcf7-validates-as-required wpcf7-text wpcf7-validates-as-email form-email\" aria-required=\"true\" aria-invalid=\"false\" placeholder=\"E-mail c\u00edm\" value=\"\" type=\"email\" name=\"form-email\" \/><\/span>\n\t<\/p>\n<\/div>\n<div class=\"form-line\">\n\t<p><span class=\"wpcf7-form-control-wrap\" data-name=\"form-tel\"><input size=\"40\" maxlength=\"400\" class=\"wpcf7-form-control wpcf7-tel wpcf7-text wpcf7-validates-as-tel form-tel\" aria-invalid=\"false\" placeholder=\"Telefonsz\u00e1m\" value=\"\" type=\"tel\" name=\"form-tel\" \/><\/span><span class=\"wpcf7-form-control-wrap\" data-name=\"form-targy\"><input size=\"40\" maxlength=\"400\" class=\"wpcf7-form-control wpcf7-text wpcf7-validates-as-required form-targy\" aria-required=\"true\" aria-invalid=\"false\" placeholder=\"T\u00e1rgy\" value=\"\" type=\"text\" name=\"form-targy\" \/><\/span>\n\t<\/p>\n<\/div>\n<div class=\"form-line form-line-last\">\n\t<p><span class=\"wpcf7-form-control-wrap\" data-name=\"form-uzenet\"><textarea cols=\"40\" rows=\"10\" maxlength=\"2000\" class=\"wpcf7-form-control wpcf7-textarea wpcf7-validates-as-required form-uzenet\" aria-required=\"true\" aria-invalid=\"false\" placeholder=\"\u00dczenet\" name=\"form-uzenet\"><\/textarea><\/span>\n\t<\/p>\n<\/div>\n<div class=\"form-line form-line-additional\">\n\t<p><span class=\"wpcf7-form-control-wrap\" data-name=\"form-checkbox\"><span class=\"wpcf7-form-control wpcf7-acceptance\"><span class=\"wpcf7-list-item\"><label><input type=\"checkbox\" name=\"form-checkbox\" value=\"1\" class=\"form-checkbox\" aria-invalid=\"false\" \/><span class=\"wpcf7-list-item-label\">Megismertem \u00e9s elfogadom a szab\u00e1lyzatot \u00e9s az adatv\u00e9delmi ir\u00e1nyelveket<\/span><\/label><\/span><\/span><\/span><input class=\"wpcf7-form-control wpcf7-submit has-spinner form-submit\" type=\"submit\" value=\"\u00dczenet k\u00fcld\u00e9se\" \/>\n\t<\/p>\n<\/div><div class=\"wpcf7-response-output\" aria-hidden=\"true\"><\/div>\n<\/form>\n<\/div>\n[\/vc_column_text][\/vc_column][\/vc_row]<\/p>\n<\/div>","protected":false},"excerpt":{"rendered":"<p>[vc_row][vc_column width=&#8221;7\/12&#8243;][vc_gmaps link=&#8221;#E-8_JTNDaWZyYW1lJTIwc3JjJTNEJTIyaHR0cHMlM0ElMkYlMkZ3d3cuZ29vZ2xlLmNvbSUyRm1hcHMlMkZlbWJlZCUzRnBiJTNEJTIxMW0xOCUyMTFtMTIlMjExbTMlMjExZDI3MzkuNzE5ODAxMjkxNTYzNyUyMTJkMTkuMjk0MjE2Mzc3NzI5NDklMjEzZDQ2LjYzMjI5NzQ1NDc0NjQ3JTIxMm0zJTIxMWYwJTIxMmYwJTIxM2YwJTIxM20yJTIxMWkxMDI0JTIxMmk3NjglMjE0ZjEzLjElMjEzbTMlMjExbTIlMjExczB4NDc0M2IzMDA4ZjlkOGEyZCUyNTNBMHhhMjRkZWM0MDJhMGQ3MTBiJTIxMnNEcnVrLWtlciUyNTIwS2Z0LiUyNTIwTnlvbWRhJTI1MjBLaXNrJTI1QzUlMjU5MXIlMjVDMyUyNUI2cyUyMTVlMCUyMTNtMiUyMTFzaHUlMjEyc2h1JTIxNHYxNzQyOTAyNzk5MjQxJTIxNW0yJTIxMXNodSUyMTJzaHUlMjIlMjB3aWR0aCUzRCUyMjYwMCUyMiUyMGhlaWdodCUzRCUyMjQ1MCUyMiUyMHN0eWxlJTNEJTIyYm9yZGVyJTNBMCUzQiUyMiUyMGFsbG93ZnVsbHNjcmVlbiUzRCUyMiUyMiUyMGxvYWRpbmclM0QlMjJsYXp5JTIyJTIwcmVmZXJyZXJwb2xpY3klM0QlMjJuby1yZWZlcnJlci13aGVuLWRvd25ncmFkZSUyMiUzRSUzQyUyRmlmcmFtZSUzRQ==&#8221;][\/vc_column][vc_column width=&#8221;5\/12&#8243;][vc_column_text css=&#8221;&#8221;]Contact details [\/vc_column_text][vc_empty_space height=&#8221;20px&#8221;][vc_column_text css=&#8221;.vc_custom_1726003225905{background-image: url(http:\/\/druk-ker.hu\/wp-content\/uploads\/2024\/09\/firma.png?id=261) !important;}&#8221; el_class=&#8221;contact-line contact-line-1&#8243;]Druk-ker Kft.[\/vc_column_text][vc_column_text css=&#8221;.vc_custom_1776854643334{background-image: url(http:\/\/druk-ker.hu\/wp-content\/uploads\/2024\/09\/spot.png?id=262) !important;}&#8221; el_class=&#8221;contact-line contact-line-1&#8243;]6200 Kisk\u0151r\u00f6s, Izs\u00e1k \u00fat 10\/b.[\/vc_column_text][vc_column_text css=&#8221;.vc_custom_1726003266103{background-image: url(http:\/\/druk-ker.hu\/wp-content\/uploads\/2024\/09\/mail.png?id=263) !important;}&#8221; el_class=&#8221;contact-line contact-line-1&#8243;]info@druk-ker.hu[\/vc_column_text][vc_column_text css=&#8221;.vc_custom_1726003279184{background-image: url(http:\/\/druk-ker.hu\/wp-content\/uploads\/2024\/09\/phone.png?id=264) !important;}&#8221; el_class=&#8221;contact-line contact-line-1&#8243;]06 78 312 517[\/vc_column_text][vc_column_text el_class=&#8221;contact-line contact-line-1&#8243;]06 78 311 423[\/vc_column_text][vc_column_text el_class=&#8221;contact-line contact-line-1&#8243;]06 30 648 4635[\/vc_column_text][vc_column_text el_class=&#8221;contact-line contact-line-1&#8243;]06 30 634 8841[\/vc_column_text][\/vc_column][\/vc_row][vc_row][vc_column][vc_empty_space height=&#8221;60px&#8221;][vc_column_text css=&#8221;&#8221;] Do you [&hellip;]<\/p>\n","protected":false},"author":3,"featured_media":0,"parent":0,"menu_order":0,"comment_status":"closed","ping_status":"closed","template":"","meta":{"footnotes":""},"class_list":["post-1730","page","type-page","status-publish","hentry"],"_links":{"self":[{"href":"https:\/\/druk-ker.hu\/en\/wp-json\/wp\/v2\/pages\/1730","targetHints":{"allow":["GET"]}}],"collection":[{"href":"https:\/\/druk-ker.hu\/en\/wp-json\/wp\/v2\/pages"}],"about":[{"href":"https:\/\/druk-ker.hu\/en\/wp-json\/wp\/v2\/types\/page"}],"author":[{"embeddable":true,"href":"https:\/\/druk-ker.hu\/en\/wp-json\/wp\/v2\/users\/3"}],"replies":[{"embeddable":true,"href":"https:\/\/druk-ker.hu\/en\/wp-json\/wp\/v2\/comments?post=1730"}],"version-history":[{"count":2,"href":"https:\/\/druk-ker.hu\/en\/wp-json\/wp\/v2\/pages\/1730\/revisions"}],"predecessor-version":[{"id":1737,"href":"https:\/\/druk-ker.hu\/en\/wp-json\/wp\/v2\/pages\/1730\/revisions\/1737"}],"wp:attachment":[{"href":"https:\/\/druk-ker.hu\/en\/wp-json\/wp\/v2\/media?parent=1730"}],"curies":[{"name":"wp","href":"https:\/\/api.w.org\/{rel}","templated":true}]}}